{"id":842,"date":"2021-10-20T14:48:16","date_gmt":"2021-10-20T12:48:16","guid":{"rendered":"https:\/\/nielsheuer.com\/body-dearmouring-emotional-release-berlin\/"},"modified":"2021-12-09T10:38:48","modified_gmt":"2021-12-09T09:38:48","slug":"koerperentpanzerung-reichsche-koerpertherapie-vegetotherapie-berlin","status":"publish","type":"page","link":"https:\/\/nielsheuer.com\/de\/koerperentpanzerung-reichsche-koerpertherapie-vegetotherapie-berlin\/","title":{"rendered":"K\u00f6rper-Entpanzerung"},"content":{"rendered":"<p>[vc_row full_height=&#8220;yes&#8220; content_placement=&#8220;top&#8220; sticky_row=&#8220;yes&#8220; fade_scroll=&#8220;yes&#8220; enable_loading_bg=&#8220;yes&#8220; enable_overlay=&#8220;yes&#8220; css=&#8220;.vc_custom_1634734255743{background: #000000 url(https:\/\/nielsheuer.com\/wp-content\/uploads\/Body-Dearmouring-Berlin-3.jpg?id=329) !important;background-position: center !important;background-repeat: no-repeat !important;background-size: cover !important;}&#8220; overlay_bg=&#8220;rgba(0, 0, 0, 0.27)&#8220;][vc_column parallax=&#8220;yes&#8220; scale_from_x=&#8220;1&#8243; scale_from_y=&#8220;1&#8243; scale_from_z=&#8220;1&#8243; from_opacity=&#8220;1&#8243; scale_to_x=&#8220;1&#8243; scale_to_y=&#8220;1&#8243; scale_to_z=&#8220;1&#8243; to_opacity=&#8220;1&#8243; enable_content_animation=&#8220;yes&#8220; animation_preset=&#8220;Fade In Up&#8220; align=&#8220;text-center&#8220; offset=&#8220;vc_col-md-offset-1 vc_col-md-10&#8243; translate_to_y=&#8220;-220&#8243; translate_from_y=&#8220;1&#8243; responsive_css=&#8220;padding_right_medium:7%25|padding_left_medium:7%25&#8243;]<style>.ld_spacer_69ecd612e1222{height:272px;}<\/style>\n<div class=\"ld-empty-space ld_spacer_69ecd612e1222\"><span class=\"liquid_empty_space_inner\"><\/span><\/div><style>.ld_fancy_heading_69ecd612e137f h2{font-size:54px;line-height:1.1em;color:rgb(255, 255, 255);}.ld_fancy_heading_69ecd612e137f h2 {margin-bottom:0.4em !important;  } .ld_fancy_heading_69ecd612e137f .lqd-highlight-inner{height:0.275em;bottom:0px;}.ld_fancy_heading_69ecd612e137f h2 {margin-bottom:0.4em !important;  } <\/style><div class=\"ld-fancy-heading ld_fancy_heading_69ecd612e137f\">\n\t<h2 class=\"lqd-highlight-underline lqd-highlight-grow-left\" data-fittext=\"true\" data-fittext-options='{\"compressor\":0.75,\"maxFontSize\":\"currentFontSize\",\"minFontSize\":\"48\"}' data-split-text=\"true\" data-custom-animations=\"true\" data-ca-options='{\"triggerHandler\":\"inview\",\"animationTarget\":\".lqd-lines .split-inner\",\"duration\":700,\"delay\":100,\"easing\":\"easeOutQuint\",\"direction\":\"forward\",\"initValues\":{\"scale\":1},\"animations\":{\"scale\":1}}' data-split-options='{\"type\":\"lines\"}'><span class=\"ld-fh-txt\"> K\u00f6rper-Entpanzerung &amp; emotionale Befreiung<\/span><\/h2><\/div><style>.ld_fancy_heading_69ecd612e15b4 h6{font-size:26px;letter-spacing:0.05em;color:rgb(255, 255, 255);}.ld_fancy_heading_69ecd612e15b4 h6 {margin-bottom:1.5em !important;  } .ld_fancy_heading_69ecd612e15b4 .lqd-highlight-inner{height:0.275em;bottom:0px;}.ld_fancy_heading_69ecd612e15b4 h6 {margin-bottom:1.5em !important;  } <\/style><div class=\"ld-fancy-heading ld_fancy_heading_69ecd612e15b4\">\n\t<h6 class=\"lqd-highlight-underline lqd-highlight-grow-left h5\" ><span class=\"ld-fh-txt\"> <em>Sich dem Strom des Lebens hingeben<\/em><\/span><\/h6><\/div><style>.ld_spacer_69ecd612e16ee{height:80px;}<\/style>\n<div class=\"ld-empty-space ld_spacer_69ecd612e16ee\"><span class=\"liquid_empty_space_inner\"><\/span><\/div>[\/vc_column][\/vc_row][vc_row css=&#8220;.vc_custom_1634723831739{padding-top: 75px !important;padding-bottom: 75px !important;background-color: #f7f7f7 !important;}&#8220;][vc_column offset=&#8220;vc_col-md-5&#8243;]<style>.ld_fancy_heading_69ecd612e17d7 h2{font-size:32px;}.ld_fancy_heading_69ecd612e17d7 h2 {margin-top:0px !important;  } .ld_fancy_heading_69ecd612e17d7 .lqd-highlight-inner{height:0.275em;bottom:0px;}.ld_fancy_heading_69ecd612e17d7 h2 {margin-top:0px !important;  } <\/style><div class=\"ld-fancy-heading ld_fancy_heading_69ecd612e17d7\">\n\t<h2 class=\"lqd-highlight-underline lqd-highlight-grow-left\" data-split-text=\"true\" data-custom-animations=\"true\" data-ca-options='{\"triggerHandler\":\"inview\",\"animationTarget\":\".lqd-lines .split-inner\",\"duration\":\"1200\",\"delay\":\"120\",\"easing\":\"easeOutQuint\",\"direction\":\"forward\",\"initValues\":{\"translateY\":45,\"opacity\":0},\"animations\":{\"translateY\":0,\"opacity\":1}}' data-split-options='{\"type\":\"lines\"}'><span class=\"ld-fh-txt\"> Die R\u00fcstung <span style=\"color: #993300\">fallen lassen<\/span>.<\/span><\/h2><\/div>[vc_separator color=&#8220;custom&#8220; align=&#8220;align_left&#8220; el_width=&#8220;10&#8243; accent_color=&#8220;#ff7a4b&#8220;][vc_column_text]Wer ein kleines Kind beobachtet, das den ganzen Tag lang wild und unaufh\u00f6rlich herumtobt, wundert sich vielleicht \u00fcber die schier unendliche Energiequelle des Kleinkindes, die niemals versiegt. Was wie Magie aussieht, ist in Wirklichkeit der nat\u00fcrliche Zustand unseres Seins. W\u00e4hrend wir aufwuchsen, haben wir gelernt, unsere Emotionen zu kontrollieren, indem wir immer wieder den Atem angehalten und die Muskeln angespannt haben. Diese wiederkehrenden Haltestrukturen wurden zu dem, was Wilhelm Reich als &#8222;Charakterpanzer&#8220; bezeichnete: Gewohnheitsm\u00e4\u00dfige Muster der Muskelkontraktion haben Spannungsg\u00fcrtel im K\u00f6rper geschaffen. Wenn wir schlie\u00dflich &#8222;erwachsen&#8220; geworden sind, befinden wir uns tats\u00e4chlich oft in einem charakterlichen Korsett, das den Fluss der Lebenskraft im K\u00f6rper einschr\u00e4nkt. Das Ego hat unsere Verbindung zur unendlichen freien Energie gegen Sicherheit eingetauscht.<\/p>\n<p>Unsere innere Einstellung spiegelt sich in unserer k\u00f6rperlichen Haltung wider. Wenn diese &#8222;Charakter&#8220;-Struktur durch Entpanzerung allm\u00e4hlich wieder gelockert wird, erweitern sich unsere bewussten Entscheidungsm\u00f6glichkeiten im Leben dramatisch. Automatische Charakterprogramme verschwinden, da wir erkennen, dass fr\u00fchere Abwehrmechanismen aus unserer Vergangenheit nicht mehr ben\u00f6tigt werden. Die Energie, die im Gewebe gespeichert war, wird freigesetzt. Wenn wir lernen loszulassen, l\u00f6sen sich alte emotionale Traumata auf. Das Chi (Lebenskraft) bewegt sich frei durch den K\u00f6rper, alle Organe werden vitalisiert und die Gesundheit wird wiederhergestellt.<\/p>\n<p><span style=\"color: #947753;\"><em>Das Nervensystem beruhigt sich und kann sich selbst regulieren, Emotionen verlieren ihren Ausl\u00f6ser (&#8222;Trigger&#8220;). Wir erkennen nun, dass wir aus unserem alten Charakter herausgetreten sind und gewinnen die Verantwortung f\u00fcr unser Leben zur\u00fcck.<br \/>\n<\/em><\/span>[\/vc_column_text]<style>.ld_spacer_69ecd612e18ef{height:32px;}<\/style>\n<div class=\"ld-empty-space ld_spacer_69ecd612e18ef\"><span class=\"liquid_empty_space_inner\"><\/span><\/div>[\/vc_column][vc_column align=&#8220;text-center&#8220; offset=&#8220;vc_col-md-offset-1 vc_col-md-6&#8243;][vc_single_image image=&#8220;331&#8243; img_size=&#8220;large&#8220;]<style>.ld_spacer_69ecd612e19af{height:20px;}<\/style>\n<div class=\"ld-empty-space ld_spacer_69ecd612e19af\"><span class=\"liquid_empty_space_inner\"><\/span><\/div>[vc_single_image image=&#8220;332&#8243; img_size=&#8220;large&#8220;][\/vc_column][\/vc_row][vc_row full_width=&#8220;stretch_row&#8220; gap=&#8220;0&#8243; equal_height=&#8220;yes&#8220; content_placement=&#8220;middle&#8220; css=&#8220;.vc_custom_1634726589349{padding-top: 80px !important;padding-bottom: 80px !important;background-color: #676d61 !important;}&#8220;][vc_column offset=&#8220;vc_col-lg-6&#8243; css=&#8220;.vc_custom_1634734704070{background-image: url(https:\/\/nielsheuer.com\/wp-content\/uploads\/Body-Dearmouring-Berlin-1.jpg?id=330) !important;background-position: center !important;background-repeat: no-repeat !important;background-size: cover !important;}&#8220;][vc_empty_space height=&#8220;250px&#8220;][\/vc_column][vc_column enable_content_animation=&#8220;yes&#8220; ca_init_scale_x=&#8220;1.25&#8243; ca_init_scale_y=&#8220;1.25&#8243; ca_init_scale_z=&#8220;1&#8243; ca_init_opacity=&#8220;0&#8243; ca_an_scale_x=&#8220;1&#8243; ca_an_scale_y=&#8220;1&#8243; ca_an_scale_z=&#8220;1&#8243; ca_an_opacity=&#8220;1&#8243; offset=&#8220;vc_col-lg-6&#8243; responsive_css=&#8220;padding_top_medium:0px|padding_right_medium:10vw|padding_bottom_medium:0px|padding_left_medium:10vw&#8220; css=&#8220;.vc_custom_1545209818740{padding-top: 60px !important;padding-right: 15px !important;padding-bottom: 60px !important;padding-left: 15px !important;}&#8220; ca_duration=&#8220;1600&#8243; ca_delay=&#8220;160&#8243; ca_init_translate_y=&#8220;45&#8243;]<style>.ld_fancy_heading_69ecd612e1b12 h2{font-size:32px;line-height:1.1em;color:rgb(255, 255, 255);}.ld_fancy_heading_69ecd612e1b12 .lqd-highlight-inner{height:0.275em;bottom:0px;}<\/style><div class=\"ld-fancy-heading ld_fancy_heading_69ecd612e1b12\">\n\t<h2 class=\"lqd-highlight-underline lqd-highlight-grow-left\" ><span class=\"ld-fh-txt\"> Begegne deinem Schatten.<\/span><\/h2><\/div>[vc_separator color=&#8220;custom&#8220; align=&#8220;align_left&#8220; el_width=&#8220;10&#8243; accent_color=&#8220;#ff7a4b&#8220;]<style>.ld_fancy_heading_69ecd612e1cf2 h3{font-size:16px;letter-spacing:0.05em;color:rgb(187, 152, 87);}.ld_fancy_heading_69ecd612e1cf2 .lqd-highlight-inner{height:0.275em;bottom:0px;}<\/style><div class=\"ld-fancy-heading text-uppercase ld_fancy_heading_69ecd612e1cf2\">\n\t<h3 class=\"lqd-highlight-underline lqd-highlight-grow-left\" ><span class=\"ld-fh-txt\"> Es geht um Selbstliebe!<\/span><\/h3><\/div><style>.ld_spacer_69ecd612e1e40{height:12px;}<\/style>\n<div class=\"ld-empty-space ld_spacer_69ecd612e1e40\"><span class=\"liquid_empty_space_inner\"><\/span><\/div>[vc_column_text]<span style=\"color: #ffffff;\">Wenn du dich auf die Arbeit zur K\u00f6rper-Entpanzerung einlassen m\u00f6chtest, solltest du bereit sein, deinem eigenen Schatten zu begegnen. Wenn du lieber wegschauen willst, ist dies nichts f\u00fcr dich. Es geht darum, sich die im Unbewussten verborgenen Muster bewusst zu machen. Wir k\u00f6nnen hierzu Triggerpunkt-Therapie, Energiearbeit oder einfach nur Worte (radikale Ehrlichkeit) verwenden. Jede Sitzung ist anders und die Arbeit ist sehr intuitiv, aber sie erfordert immer das aktive Engagement des Klienten. Frage dich selbst: Bist du bereit, deine eigenen inneren Schatten zu erforschen, ohne sie zu verurteilen?\u00a0<\/span><\/p>\n<p><span style=\"color: #ffffff;\">Wenn du bewusst in die eingeschr\u00e4nkten Bereiche (Triggerpunkte) hinein atmest, wird das Gewebe vitalisiert und \u00f6ffnet sich f\u00fcr den Energiefluss. Liebevolle Akzeptanz und Vers\u00f6hnung mit dem, was tief im K\u00f6rper vergraben ist, ist der effektivste Weg der Befreiung. Die k\u00f6rperliche und die emotionale\/energetische Befreiung sind unmittelbar miteinander verbunden. Die Arbeit kann starke Emotionen wie Angst, Wut, Trauer, aber auch Freude oder sogar Gl\u00fcckseligkeit hervorrufen. Und sie verbindet dich oft wieder mit deiner Wahrheit. In jeder Blockade steckt ein unendliches Potenzial an Energie, die gespeichert wurde. Der Prozess des Loslassens muss nicht schmerzhaft sein. Es ist alles eine Frage der inneren Einstellung. Es ist der Widerstand (des K\u00f6rpers und vor allem des Geistes), der das Leiden erzeugt.<\/span><\/p>\n<p><span style=\"color: #bb9800;\"><em>Wenn du dich entspannst und dich der Intensit\u00e4t der energetischen Ladung hingibst, wirst du die immense Sch\u00f6nheit sehen, vor der du dich bisher versteckt hast. Wenn du voller Selbstliebe in alle dunklen Ecken deines Wesens hinein leuchtest und sie umarmst, wirst du schlie\u00dflich erkennen, dass du bis jetzt vor deiner eigenen Kraft davon gelaufen bist.<\/em><\/span>[\/vc_column_text]<style>.ld_spacer_69ecd612e1ef3{height:30px;}<\/style>\n<div class=\"ld-empty-space ld_spacer_69ecd612e1ef3\"><span class=\"liquid_empty_space_inner\"><\/span><\/div><style>.ld_button_69ecd612e204a.btn-icon-solid .btn-icon{background:rgb(255, 255, 255);}.ld_button_69ecd612e204a.btn-icon-circle.btn-icon-ripple .btn-icon:before{border-color:rgb(255, 255, 255);}.ld_button_69ecd612e204a{color:rgb(255, 255, 255);font-size:13px !important;}.ld_button_69ecd612e204a:before{background:rgb(255, 255, 255);}<\/style><a href=\"tel:+491601529883\" target=\"_blank\" class=\"btn btn-underlined text-uppercase btn-bordered border-thin ld_button_69ecd612e204a\">\n\t<span>\n\t\t\n\t\t\t\t\t<span class=\"btn-txt\">Kontakt<\/span>\n\t\t\t\n\t\t\t\t<\/span>\n<\/a>\n[\/vc_column][\/vc_row][vc_row parallax=&#8220;enable_parallax&#8220; disable_element=&#8220;yes&#8220; enable_overlay=&#8220;yes&#8220; css=&#8220;.vc_custom_1636747685497{padding-top: 100px !important;padding-bottom: 100px !important;background-image: url(https:\/\/nielsheuer.com\/wp-content\/uploads\/Body-Dearmouring-Berlin-5.jpg?id=334) !important;background-position: center;background-repeat: no-repeat !important;background-size: cover !important;}&#8220; overlay_bg=&#8220;rgba(0, 0, 0, 0.25)&#8220;][vc_column enable_content_animation=&#8220;yes&#8220; ca_init_scale_x=&#8220;1&#8243; ca_init_scale_y=&#8220;1&#8243; ca_init_scale_z=&#8220;1&#8243; ca_init_opacity=&#8220;0&#8243; ca_an_scale_x=&#8220;1&#8243; ca_an_scale_y=&#8220;1&#8243; ca_an_scale_z=&#8220;1&#8243; ca_an_opacity=&#8220;1&#8243; align=&#8220;text-center&#8220; offset=&#8220;vc_col-md-offset-2 vc_col-md-8&#8243; ca_duration=&#8220;1600&#8243; ca_delay=&#8220;160&#8243; ca_init_translate_y=&#8220;69&#8243;]<style>.ld_fancy_heading_69ecd612e2674 p{font-size:15px;font-weight:400;color:rgb(255, 255, 255);}.ld_fancy_heading_69ecd612e2674 p {margin-bottom:1.5em !important;  } .ld_fancy_heading_69ecd612e2674 .lqd-highlight-inner{height:0.275em;bottom:0px;}.ld_fancy_heading_69ecd612e2674 p {margin-bottom:1.5em !important;  } <\/style><div class=\"ld-fancy-heading ld_fancy_heading_69ecd612e2674\">\n\t<p class=\"lqd-highlight-underline lqd-highlight-grow-left\" ><span class=\"ld-fh-txt\"> <em>Klienten Feedback<\/em><\/span><\/p><\/div>[vc_single_image image=&#8220;42&#8243; img_size=&#8220;full&#8220; alignment=&#8220;center&#8220; css=&#8220;.vc_custom_1559296430568{margin-bottom: 15px !important;}&#8220;]<style>.ld_fancy_heading_69ecd612e2ac8 p{font-size:40px;color:rgb(255, 255, 255);}.ld_fancy_heading_69ecd612e2ac8 p {margin-bottom:0.75em !important;  } .ld_fancy_heading_69ecd612e2ac8 .lqd-highlight-inner{height:0.275em;bottom:0px;}.ld_fancy_heading_69ecd612e2ac8 p {margin-bottom:0.75em !important;  } <\/style><div class=\"ld-fancy-heading ld_fancy_heading_69ecd612e2ac8\">\n\t<p class=\"lqd-highlight-underline lqd-highlight-grow-left h2\" ><span class=\"ld-fh-txt\"> Dank Niels bin ich wieder im Kontakt mit meinem K\u00f6rper und kann klarer sp\u00fcren was mir gut tut und was nicht.<\/span><\/p><\/div>[vc_single_image image=&#8220;56&#8243; img_size=&#8220;full&#8220; css=&#8220;.vc_custom_1559296484323{margin-bottom: 20px !important;}&#8220;]<style>.ld_fancy_heading_69ecd612e2ee5 h5{font-size:12px;font-weight:500;letter-spacing:0.2em;color:rgb(255, 255, 255);}.ld_fancy_heading_69ecd612e2ee5 .lqd-highlight-inner{height:0.275em;bottom:0px;}<\/style><div class=\"ld-fancy-heading text-uppercase ld_fancy_heading_69ecd612e2ee5\">\n\t<h5 class=\"lqd-highlight-underline lqd-highlight-grow-left\" ><span class=\"ld-fh-txt\"> Jessica Jensen<\/span><\/h5><\/div>[\/vc_column][\/vc_row]<\/p>\n","protected":false},"excerpt":{"rendered":"<p>[vc_row full_height=&#8220;yes&#8220; content_placement=&#8220;top&#8220; sticky_row=&#8220;yes&#8220; fade_scroll=&#8220;yes&#8220; enable_loading_bg=&#8220;yes&#8220; enable_overlay=&#8220;yes&#8220; css=&#8220;.vc_custom_1634734255743{background: #000000 url(https:\/\/nielsheuer.com\/wp-content\/uploads\/Body-Dearmouring-Berlin-3.jpg?id=329) !important;background-position: center !important;background-repeat: no-repeat !important;background-size:&#8230;<\/p>\n","protected":false},"author":2,"featured_media":0,"parent":0,"menu_order":0,"comment_status":"closed","ping_status":"closed","template":"","meta":[],"yoast_head":"<!-- This site is optimized with the Yoast SEO plugin v19.10 - https:\/\/yoast.com\/wordpress\/plugins\/seo\/ -->\n<title>K\u00f6rper-Entpanzerung - Niels Heuer<\/title>\n<meta name=\"robots\" content=\"index, follow, max-snippet:-1, max-image-preview:large, max-video-preview:-1\" \/>\n<link rel=\"canonical\" href=\"https:\/\/nielsheuer.com\/de\/koerperentpanzerung-reichsche-koerpertherapie-vegetotherapie-berlin\/\" \/>\n<meta property=\"og:locale\" content=\"de_DE\" \/>\n<meta property=\"og:type\" content=\"article\" \/>\n<meta property=\"og:title\" content=\"K\u00f6rper-Entpanzerung - Niels Heuer\" \/>\n<meta property=\"og:description\" content=\"[vc_row full_height=&#8220;yes&#8220; content_placement=&#8220;top&#8220; sticky_row=&#8220;yes&#8220; fade_scroll=&#8220;yes&#8220; enable_loading_bg=&#8220;yes&#8220; enable_overlay=&#8220;yes&#8220; css=&#8220;.vc_custom_1634734255743{background: #000000 url(https:\/\/nielsheuer.com\/wp-content\/uploads\/Body-Dearmouring-Berlin-3.jpg?id=329) !important;background-position: center !important;background-repeat: no-repeat !important;background-size:...\" \/>\n<meta property=\"og:url\" content=\"https:\/\/nielsheuer.com\/de\/koerperentpanzerung-reichsche-koerpertherapie-vegetotherapie-berlin\/\" \/>\n<meta property=\"og:site_name\" content=\"Niels Heuer\" \/>\n<meta property=\"article:modified_time\" content=\"2021-12-09T09:38:48+00:00\" \/>\n<meta name=\"twitter:card\" content=\"summary_large_image\" \/>\n<meta name=\"twitter:label1\" content=\"Gesch\u00e4tzte Lesezeit\" \/>\n\t<meta name=\"twitter:data1\" content=\"4\u00a0Minuten\" \/>\n<script type=\"application\/ld+json\" class=\"yoast-schema-graph\">{\"@context\":\"https:\/\/schema.org\",\"@graph\":[{\"@type\":\"WebPage\",\"@id\":\"https:\/\/nielsheuer.com\/de\/koerperentpanzerung-reichsche-koerpertherapie-vegetotherapie-berlin\/\",\"url\":\"https:\/\/nielsheuer.com\/de\/koerperentpanzerung-reichsche-koerpertherapie-vegetotherapie-berlin\/\",\"name\":\"K\u00f6rper-Entpanzerung - Niels Heuer\",\"isPartOf\":{\"@id\":\"https:\/\/nielsheuer.com\/#website\"},\"datePublished\":\"2021-10-20T12:48:16+00:00\",\"dateModified\":\"2021-12-09T09:38:48+00:00\",\"breadcrumb\":{\"@id\":\"https:\/\/nielsheuer.com\/de\/koerperentpanzerung-reichsche-koerpertherapie-vegetotherapie-berlin\/#breadcrumb\"},\"inLanguage\":\"de\",\"potentialAction\":[{\"@type\":\"ReadAction\",\"target\":[\"https:\/\/nielsheuer.com\/de\/koerperentpanzerung-reichsche-koerpertherapie-vegetotherapie-berlin\/\"]}]},{\"@type\":\"BreadcrumbList\",\"@id\":\"https:\/\/nielsheuer.com\/de\/koerperentpanzerung-reichsche-koerpertherapie-vegetotherapie-berlin\/#breadcrumb\",\"itemListElement\":[{\"@type\":\"ListItem\",\"position\":1,\"name\":\"Startseite\",\"item\":\"https:\/\/nielsheuer.com\/de\/\"},{\"@type\":\"ListItem\",\"position\":2,\"name\":\"K\u00f6rper-Entpanzerung\"}]},{\"@type\":\"WebSite\",\"@id\":\"https:\/\/nielsheuer.com\/#website\",\"url\":\"https:\/\/nielsheuer.com\/\",\"name\":\"Niels Heuer\",\"description\":\"Breathwork, Trauma Release, Bodywork, Energetic Self Empowerment\",\"potentialAction\":[{\"@type\":\"SearchAction\",\"target\":{\"@type\":\"EntryPoint\",\"urlTemplate\":\"https:\/\/nielsheuer.com\/?s={search_term_string}\"},\"query-input\":\"required name=search_term_string\"}],\"inLanguage\":\"de\"}]}<\/script>\n<!-- \/ Yoast SEO plugin. -->","yoast_head_json":{"title":"K\u00f6rper-Entpanzerung - Niels Heuer","robots":{"index":"index","follow":"follow","max-snippet":"max-snippet:-1","max-image-preview":"max-image-preview:large","max-video-preview":"max-video-preview:-1"},"canonical":"https:\/\/nielsheuer.com\/de\/koerperentpanzerung-reichsche-koerpertherapie-vegetotherapie-berlin\/","og_locale":"de_DE","og_type":"article","og_title":"K\u00f6rper-Entpanzerung - Niels Heuer","og_description":"[vc_row full_height=&#8220;yes&#8220; content_placement=&#8220;top&#8220; sticky_row=&#8220;yes&#8220; fade_scroll=&#8220;yes&#8220; enable_loading_bg=&#8220;yes&#8220; enable_overlay=&#8220;yes&#8220; css=&#8220;.vc_custom_1634734255743{background: #000000 url(https:\/\/nielsheuer.com\/wp-content\/uploads\/Body-Dearmouring-Berlin-3.jpg?id=329) !important;background-position: center !important;background-repeat: no-repeat !important;background-size:...","og_url":"https:\/\/nielsheuer.com\/de\/koerperentpanzerung-reichsche-koerpertherapie-vegetotherapie-berlin\/","og_site_name":"Niels Heuer","article_modified_time":"2021-12-09T09:38:48+00:00","twitter_card":"summary_large_image","twitter_misc":{"Gesch\u00e4tzte Lesezeit":"4\u00a0Minuten"},"schema":{"@context":"https:\/\/schema.org","@graph":[{"@type":"WebPage","@id":"https:\/\/nielsheuer.com\/de\/koerperentpanzerung-reichsche-koerpertherapie-vegetotherapie-berlin\/","url":"https:\/\/nielsheuer.com\/de\/koerperentpanzerung-reichsche-koerpertherapie-vegetotherapie-berlin\/","name":"K\u00f6rper-Entpanzerung - Niels Heuer","isPartOf":{"@id":"https:\/\/nielsheuer.com\/#website"},"datePublished":"2021-10-20T12:48:16+00:00","dateModified":"2021-12-09T09:38:48+00:00","breadcrumb":{"@id":"https:\/\/nielsheuer.com\/de\/koerperentpanzerung-reichsche-koerpertherapie-vegetotherapie-berlin\/#breadcrumb"},"inLanguage":"de","potentialAction":[{"@type":"ReadAction","target":["https:\/\/nielsheuer.com\/de\/koerperentpanzerung-reichsche-koerpertherapie-vegetotherapie-berlin\/"]}]},{"@type":"BreadcrumbList","@id":"https:\/\/nielsheuer.com\/de\/koerperentpanzerung-reichsche-koerpertherapie-vegetotherapie-berlin\/#breadcrumb","itemListElement":[{"@type":"ListItem","position":1,"name":"Startseite","item":"https:\/\/nielsheuer.com\/de\/"},{"@type":"ListItem","position":2,"name":"K\u00f6rper-Entpanzerung"}]},{"@type":"WebSite","@id":"https:\/\/nielsheuer.com\/#website","url":"https:\/\/nielsheuer.com\/","name":"Niels Heuer","description":"Breathwork, Trauma Release, Bodywork, Energetic Self Empowerment","potentialAction":[{"@type":"SearchAction","target":{"@type":"EntryPoint","urlTemplate":"https:\/\/nielsheuer.com\/?s={search_term_string}"},"query-input":"required name=search_term_string"}],"inLanguage":"de"}]}},"_links":{"self":[{"href":"https:\/\/nielsheuer.com\/de\/wp-json\/wp\/v2\/pages\/842"}],"collection":[{"href":"https:\/\/nielsheuer.com\/de\/wp-json\/wp\/v2\/pages"}],"about":[{"href":"https:\/\/nielsheuer.com\/de\/wp-json\/wp\/v2\/types\/page"}],"author":[{"embeddable":true,"href":"https:\/\/nielsheuer.com\/de\/wp-json\/wp\/v2\/users\/2"}],"replies":[{"embeddable":true,"href":"https:\/\/nielsheuer.com\/de\/wp-json\/wp\/v2\/comments?post=842"}],"version-history":[{"count":13,"href":"https:\/\/nielsheuer.com\/de\/wp-json\/wp\/v2\/pages\/842\/revisions"}],"predecessor-version":[{"id":1044,"href":"https:\/\/nielsheuer.com\/de\/wp-json\/wp\/v2\/pages\/842\/revisions\/1044"}],"wp:attachment":[{"href":"https:\/\/nielsheuer.com\/de\/wp-json\/wp\/v2\/media?parent=842"}],"curies":[{"name":"wp","href":"https:\/\/api.w.org\/{rel}","templated":true}]}}