{"id":870,"date":"2021-11-08T17:19:22","date_gmt":"2021-11-08T16:19:22","guid":{"rendered":"https:\/\/nielsheuer.com\/contact-me\/"},"modified":"2021-11-24T00:26:49","modified_gmt":"2021-11-23T23:26:49","slug":"kontakt","status":"publish","type":"page","link":"https:\/\/nielsheuer.com\/de\/kontakt\/","title":{"rendered":"Kontakt"},"content":{"rendered":"<p>[vc_row full_height=&#8220;yes&#8220; content_placement=&#8220;top&#8220; sticky_row=&#8220;yes&#8220; fade_scroll=&#8220;yes&#8220; enable_loading_bg=&#8220;yes&#8220; enable_overlay=&#8220;yes&#8220; css=&#8220;.vc_custom_1636558147911{background: #000000 url(https:\/\/nielsheuer.com\/wp-content\/uploads\/IMG_5397-scaled.jpg?id=428) !important;background-position: center !important;background-repeat: no-repeat !important;background-size: cover !important;}&#8220; overlay_bg=&#8220;rgba(0, 0, 0, 0.27)&#8220;][vc_column parallax=&#8220;yes&#8220; scale_from_x=&#8220;1&#8243; scale_from_y=&#8220;1&#8243; scale_from_z=&#8220;1&#8243; from_opacity=&#8220;1&#8243; scale_to_x=&#8220;1&#8243; scale_to_y=&#8220;1&#8243; scale_to_z=&#8220;1&#8243; to_opacity=&#8220;1&#8243; enable_content_animation=&#8220;yes&#8220; animation_preset=&#8220;Fade In Up&#8220; align=&#8220;text-center&#8220; offset=&#8220;vc_col-md-offset-1 vc_col-md-10&#8243; translate_to_y=&#8220;-220&#8243; translate_from_y=&#8220;1&#8243; responsive_css=&#8220;padding_right_medium:7%25|padding_left_medium:7%25&#8243;]<style>.ld_spacer_69ece8f86f635{height:272px;}<\/style>\n<div class=\"ld-empty-space ld_spacer_69ece8f86f635\"><span class=\"liquid_empty_space_inner\"><\/span><\/div><style>.ld_fancy_heading_69ece8f86f8b2 h2{font-size:54px;line-height:1.1em;color:rgb(255, 255, 255);}.ld_fancy_heading_69ece8f86f8b2 h2 {margin-bottom:0.4em !important;  } .ld_fancy_heading_69ece8f86f8b2 .lqd-highlight-inner{height:0.275em;bottom:0px;}.ld_fancy_heading_69ece8f86f8b2 h2 {margin-bottom:0.4em !important;  } <\/style><div class=\"ld-fancy-heading ld_fancy_heading_69ece8f86f8b2\">\n\t<h2 class=\"lqd-highlight-underline lqd-highlight-grow-left\" data-fittext=\"true\" data-fittext-options='{\"compressor\":0.75,\"maxFontSize\":\"currentFontSize\",\"minFontSize\":\"48\"}' data-split-text=\"true\" data-custom-animations=\"true\" data-ca-options='{\"triggerHandler\":\"inview\",\"animationTarget\":\".lqd-lines .split-inner\",\"duration\":700,\"delay\":100,\"easing\":\"easeOutQuint\",\"direction\":\"forward\",\"initValues\":{\"scale\":1},\"animations\":{\"scale\":1}}' data-split-options='{\"type\":\"lines\"}'><span class=\"ld-fh-txt\"> Kontaktiere mich<\/span><\/h2><\/div><style>.ld_fancy_heading_69ece8f86fe61 h6{font-size:26px;letter-spacing:0.05em;color:rgb(255, 255, 255);}.ld_fancy_heading_69ece8f86fe61 h6 {margin-bottom:1.5em !important;  } .ld_fancy_heading_69ece8f86fe61 .lqd-highlight-inner{height:0.275em;bottom:0px;}.ld_fancy_heading_69ece8f86fe61 h6 {margin-bottom:1.5em !important;  } <\/style><div class=\"ld-fancy-heading ld_fancy_heading_69ece8f86fe61\">\n\t<h6 class=\"lqd-highlight-underline lqd-highlight-grow-left h5\" ><span class=\"ld-fh-txt\"> <em>Hast du Fragen oder m\u00f6chtest einen Termin vereinbaren?<\/em><\/span><\/h6><\/div><style>.ld_spacer_69ece8f870077{height:80px;}<\/style>\n<div class=\"ld-empty-space ld_spacer_69ece8f870077\"><span class=\"liquid_empty_space_inner\"><\/span><\/div>[\/vc_column][\/vc_row][vc_row css=&#8220;.vc_custom_1636536659643{padding-top: 65px !important;padding-bottom: 65px !important;background-color: #f7f7f7 !important;}&#8220;][vc_column offset=&#8220;vc_col-md-5&#8243;]<style>.ld_fancy_heading_69ece8f87026f h2{font-size:32px;}.ld_fancy_heading_69ece8f87026f h2 {margin-top:0px !important;  } .ld_fancy_heading_69ece8f87026f .lqd-highlight-inner{height:0.275em;bottom:0px;}.ld_fancy_heading_69ece8f87026f h2 {margin-top:0px !important;  } <\/style><div class=\"ld-fancy-heading ld_fancy_heading_69ece8f87026f\">\n\t<h2 class=\"lqd-highlight-underline lqd-highlight-grow-left\" data-split-text=\"true\" data-custom-animations=\"true\" data-ca-options='{\"triggerHandler\":\"inview\",\"animationTarget\":\".lqd-lines .split-inner\",\"duration\":\"1200\",\"delay\":\"120\",\"easing\":\"easeOutQuint\",\"direction\":\"forward\",\"initValues\":{\"translateY\":45,\"opacity\":0},\"animations\":{\"translateY\":0,\"opacity\":1}}' data-split-options='{\"type\":\"lines\"}'><span class=\"ld-fh-txt\"> <span style=\"color: #993300\">Kontakt<\/span>\u00a0aufnehmen<\/span><\/h2><\/div>[vc_separator color=&#8220;custom&#8220; align=&#8220;align_left&#8220; el_width=&#8220;10&#8243; accent_color=&#8220;#ff7a4b&#8220;][vc_column_text]Der beste Weg, mich zu erreichen, ist direkt anzurufen.<\/p>\n<p><span style=\"font-size: 24px;\"><strong><a href=\"tel:+491601529883\" target=\"_blank\" rel=\"noopener\">+49 (0)160-152 98 83<\/a><\/strong><\/span><\/p>\n<p>&nbsp;<\/p>\n<p><span style=\"color: #947753;\"><em>Alternativ kannst du mir auch eine SMS senden oder eine E-Mail \u00fcber das Kontaktformular auf der rechten Seite schicken. Ich freue mich auf deinen Anruf oder deine Nachricht!<br \/>\n<\/em><\/span>[\/vc_column_text]<style>.ld_spacer_69ece8f87048e{height:32px;}<\/style>\n<div class=\"ld-empty-space ld_spacer_69ece8f87048e\"><span class=\"liquid_empty_space_inner\"><\/span><\/div>[\/vc_column][vc_column offset=&#8220;vc_col-md-offset-1 vc_col-md-6&#8243; css=&#8220;.vc_custom_1636710067794{padding-top: 20px !important;padding-right: 20px !important;padding-bottom: 20px !important;padding-left: 20px !important;}&#8220;]<style>.ld_fancy_heading_69ece8f870646 h2{font-size:32px;}.ld_fancy_heading_69ece8f870646 h2 {margin-top:0px !important;  } .ld_fancy_heading_69ece8f870646 .lqd-highlight-inner{height:0.275em;bottom:0px;}.ld_fancy_heading_69ece8f870646 h2 {margin-top:0px !important;  } <\/style><div class=\"ld-fancy-heading ld_fancy_heading_69ece8f870646\">\n\t<h2 class=\"lqd-highlight-underline lqd-highlight-grow-left\" data-split-text=\"true\" data-custom-animations=\"true\" data-ca-options='{\"triggerHandler\":\"inview\",\"animationTarget\":\".lqd-lines .split-inner\",\"duration\":\"1200\",\"delay\":\"120\",\"easing\":\"easeOutQuint\",\"direction\":\"forward\",\"initValues\":{\"translateY\":45,\"opacity\":0},\"animations\":{\"translateY\":0,\"opacity\":1}}' data-split-options='{\"type\":\"lines\"}'><span class=\"ld-fh-txt\"> <span style=\"color: #993300\"><span style=\"color: #333333\">E-Mail Kontaktformular\u00a0<\/span><\/span><\/span><\/h2><\/div><style>.ld_spacer_69ece8f87086b{height:32px;}<\/style>\n<div class=\"ld-empty-space ld_spacer_69ece8f87086b\"><span class=\"liquid_empty_space_inner\"><\/span><\/div><div id=\"ld_cf7_69ece8f8709a5\" class=\"lqd-contact-form lqd-contact-form-inputs-sm lqd-contact-form-inputs-filled ld_cf7_69ece8f8709a5\">\n\t<div role=\"form\" class=\"wpcf7\" id=\"wpcf7-f924-o1\" lang=\"de-DE\" dir=\"ltr\">\n<div class=\"screen-reader-response\"><p role=\"status\" aria-live=\"polite\" aria-atomic=\"true\"><\/p> <ul><\/ul><\/div>\n<form action=\"\/de\/wp-json\/wp\/v2\/pages\/870#wpcf7-f924-o1\" method=\"post\" class=\"wpcf7-form init\" novalidate=\"novalidate\" data-status=\"init\">\n<div style=\"display: none;\">\n<input type=\"hidden\" name=\"_wpcf7\" value=\"924\" \/>\n<input type=\"hidden\" name=\"_wpcf7_version\" value=\"5.6.4\" \/>\n<input type=\"hidden\" name=\"_wpcf7_locale\" value=\"de_DE\" \/>\n<input type=\"hidden\" name=\"_wpcf7_unit_tag\" value=\"wpcf7-f924-o1\" \/>\n<input type=\"hidden\" name=\"_wpcf7_container_post\" value=\"0\" \/>\n<input type=\"hidden\" name=\"_wpcf7_posted_data_hash\" value=\"\" \/>\n<\/div>\n<p><label> Dein Name<br \/>\n    <span class=\"wpcf7-form-control-wrap\" data-name=\"your-name\"><input type=\"text\" name=\"your-name\" value=\"\" size=\"40\" class=\"wpcf7-form-control wpcf7-text wpcf7-validates-as-required\" aria-required=\"true\" aria-invalid=\"false\" \/><\/span> <\/label><\/p>\n<p><label> Deine E-Mailadresse<br \/>\n    <span class=\"wpcf7-form-control-wrap\" data-name=\"your-email\"><input type=\"email\" name=\"your-email\" value=\"\" size=\"40\" class=\"wpcf7-form-control wpcf7-text wpcf7-email wpcf7-validates-as-required wpcf7-validates-as-email\" aria-required=\"true\" aria-invalid=\"false\" \/><\/span> <\/label><\/p>\n<p><label> Schreibe eine Nachricht (optional)<br \/>\n    <span class=\"wpcf7-form-control-wrap\" data-name=\"your-message\"><textarea name=\"your-message\" cols=\"40\" rows=\"10\" class=\"wpcf7-form-control wpcf7-textarea\" aria-invalid=\"false\"><\/textarea><\/span> <\/label><\/p>\n<p><input type=\"submit\" value=\"Senden\" class=\"wpcf7-form-control has-spinner wpcf7-submit\" \/><\/p>\n<div class=\"wpcf7-response-output\" aria-hidden=\"true\"><\/div><\/form><\/div><\/div>[\/vc_column][\/vc_row][vc_row parallax=&#8220;enable_parallax&#8220; bg_position=&#8220;center center&#8220; enable_overlay=&#8220;yes&#8220; css=&#8220;.vc_custom_1636389424209{padding-top: 80px !important;padding-bottom: 80px !important;background: #474646 url(https:\/\/nielsheuer.com\/wp-content\/uploads\/Bodywork-Niels-Heuer-05.jpg?id=167);background-position: center;background-repeat: no-repeat !important;background-size: cover !important;}&#8220; overlay_bg=&#8220;rgba(0, 0, 0, 0.15)&#8220;][vc_column enable_content_animation=&#8220;yes&#8220; ca_init_scale_x=&#8220;1&#8243; ca_init_scale_y=&#8220;1&#8243; ca_init_scale_z=&#8220;1&#8243; ca_init_opacity=&#8220;0&#8243; ca_an_scale_x=&#8220;1&#8243; ca_an_scale_y=&#8220;1&#8243; ca_an_scale_z=&#8220;1&#8243; ca_an_opacity=&#8220;1&#8243; align=&#8220;text-center&#8220; offset=&#8220;vc_col-md-offset-2 vc_col-md-8&#8243; ca_duration=&#8220;1600&#8243; ca_delay=&#8220;160&#8243; ca_init_translate_y=&#8220;50&#8243;]<style>.ld_fancy_heading_69ece8f871882 h2{color:rgb(255, 255, 255);}.ld_fancy_heading_69ece8f871882 h2 {margin-bottom:0.5em !important;  } .ld_fancy_heading_69ece8f871882 .lqd-highlight-inner{height:0.275em;bottom:0px;}.ld_fancy_heading_69ece8f871882 h2 {margin-bottom:0.5em !important;  } <\/style><div class=\"ld-fancy-heading ld_fancy_heading_69ece8f871882\">\n\t<h2 class=\"lqd-highlight-underline lqd-highlight-grow-left\" ><span class=\"ld-fh-txt\"> Aktuelle Veranstaltungen verfolgen<\/span><\/h2><\/div><style>.ld_fancy_heading_69ece8f871b31 p{font-size:18px;line-height:32px;letter-spacing:0.02em;color:rgba(255, 255, 255, 0.68);}@media (min-width: 992px) { .ld_fancy_heading_69ece8f871b31 p {padding-right:10% !important; padding-left:10% !important;  }  } .ld_fancy_heading_69ece8f871b31 .lqd-highlight-inner{height:0.275em;bottom:0px;}@media (min-width: 992px) { .ld_fancy_heading_69ece8f871b31 p {padding-right:10% !important; padding-left:10% !important;  }  } <\/style><div class=\"ld-fancy-heading ld_fancy_heading_69ece8f871b31\">\n\t<p class=\"lqd-highlight-underline lqd-highlight-grow-left\" ><span class=\"ld-fh-txt\"> Wenn du \u00fcber bevorstehende Veranstaltungen und Workshops auf dem Laufenden gehalten werden m\u00f6chtest, lade ich dich ein, meinem Telegram Kanal zu folgen. Die Beitr\u00e4ge dort konzentrieren sich auf die Ank\u00fcndigung von Workshops und sind auf ein Minimum beschr\u00e4nkt.<\/span><\/p><\/div><style>.ld_spacer_69ece8f871d05{height:32px;}<\/style>\n<div class=\"ld-empty-space ld_spacer_69ece8f871d05\"><span class=\"liquid_empty_space_inner\"><\/span><\/div><style>.ld_button_69ece8f871ebc.btn-icon-solid:hover .btn-icon{background:rgb(58, 58, 58);}.ld_button_69ece8f871ebc:hover{background-color:rgb(58, 58, 58);border-color:rgb(58, 58, 58);}.ld_button_69ece8f871ebc .btn-gradient-bg-hover{background:-webkit-linear-gradient(to right, rgb(58, 58, 58) 0%, rgb(58, 58, 58) 100%);background:linear-gradient(to right, rgb(58, 58, 58) 0%, rgb(58, 58, 58) 100%);}.ld_button_69ece8f871ebc:hover .btn-gradient-border defs stop:first-child{stop-color:rgb(58, 58, 58);}.ld_button_69ece8f871ebc:hover .btn-gradient-border defs stop:last-child{stop-color:rgb(58, 58, 58);}.ld_button_69ece8f871ebc{font-size:16px !important;}<\/style><a href=\"https:\/\/t.me\/joinchat\/cmSXJD6UJS1iZTli\" target=\"_blank\" class=\"btn btn-solid round btn-bordered border-thin ld_button_69ece8f871ebc\">\n\t<span>\n\t\t\n\t\t\t\t\t<span class=\"btn-txt\">Telegram Kanal folgen<\/span>\n\t\t\t\n\t\t\t\t<\/span>\n<\/a>\n[\/vc_column][\/vc_row]<\/p>\n","protected":false},"excerpt":{"rendered":"<p>[vc_row full_height=&#8220;yes&#8220; content_placement=&#8220;top&#8220; sticky_row=&#8220;yes&#8220; fade_scroll=&#8220;yes&#8220; enable_loading_bg=&#8220;yes&#8220; enable_overlay=&#8220;yes&#8220; css=&#8220;.vc_custom_1636558147911{background: #000000 url(https:\/\/nielsheuer.com\/wp-content\/uploads\/IMG_5397-scaled.jpg?id=428) !important;background-position: center !important;background-repeat: no-repeat !important;background-size:&#8230;<\/p>\n","protected":false},"author":2,"featured_media":0,"parent":0,"menu_order":0,"comment_status":"closed","ping_status":"closed","template":"","meta":[],"yoast_head":"<!-- This site is optimized with the Yoast SEO plugin v19.10 - https:\/\/yoast.com\/wordpress\/plugins\/seo\/ -->\n<title>Kontakt - Niels Heuer<\/title>\n<meta name=\"robots\" content=\"index, follow, max-snippet:-1, max-image-preview:large, max-video-preview:-1\" \/>\n<link rel=\"canonical\" href=\"https:\/\/nielsheuer.com\/de\/kontakt\/\" \/>\n<meta property=\"og:locale\" content=\"de_DE\" \/>\n<meta property=\"og:type\" content=\"article\" \/>\n<meta property=\"og:title\" content=\"Kontakt - Niels Heuer\" \/>\n<meta property=\"og:description\" content=\"[vc_row full_height=&#8220;yes&#8220; content_placement=&#8220;top&#8220; sticky_row=&#8220;yes&#8220; fade_scroll=&#8220;yes&#8220; enable_loading_bg=&#8220;yes&#8220; enable_overlay=&#8220;yes&#8220; css=&#8220;.vc_custom_1636558147911{background: #000000 url(https:\/\/nielsheuer.com\/wp-content\/uploads\/IMG_5397-scaled.jpg?id=428) !important;background-position: center !important;background-repeat: no-repeat !important;background-size:...\" \/>\n<meta property=\"og:url\" content=\"https:\/\/nielsheuer.com\/de\/kontakt\/\" \/>\n<meta property=\"og:site_name\" content=\"Niels Heuer\" \/>\n<meta property=\"article:modified_time\" content=\"2021-11-23T23:26:49+00:00\" \/>\n<meta name=\"twitter:card\" content=\"summary_large_image\" \/>\n<meta name=\"twitter:label1\" content=\"Gesch\u00e4tzte Lesezeit\" \/>\n\t<meta name=\"twitter:data1\" content=\"2\u00a0Minuten\" \/>\n<script type=\"application\/ld+json\" class=\"yoast-schema-graph\">{\"@context\":\"https:\/\/schema.org\",\"@graph\":[{\"@type\":\"WebPage\",\"@id\":\"https:\/\/nielsheuer.com\/de\/kontakt\/\",\"url\":\"https:\/\/nielsheuer.com\/de\/kontakt\/\",\"name\":\"Kontakt - Niels Heuer\",\"isPartOf\":{\"@id\":\"https:\/\/nielsheuer.com\/#website\"},\"datePublished\":\"2021-11-08T16:19:22+00:00\",\"dateModified\":\"2021-11-23T23:26:49+00:00\",\"breadcrumb\":{\"@id\":\"https:\/\/nielsheuer.com\/de\/kontakt\/#breadcrumb\"},\"inLanguage\":\"de\",\"potentialAction\":[{\"@type\":\"ReadAction\",\"target\":[\"https:\/\/nielsheuer.com\/de\/kontakt\/\"]}]},{\"@type\":\"BreadcrumbList\",\"@id\":\"https:\/\/nielsheuer.com\/de\/kontakt\/#breadcrumb\",\"itemListElement\":[{\"@type\":\"ListItem\",\"position\":1,\"name\":\"Startseite\",\"item\":\"https:\/\/nielsheuer.com\/de\/\"},{\"@type\":\"ListItem\",\"position\":2,\"name\":\"Kontakt\"}]},{\"@type\":\"WebSite\",\"@id\":\"https:\/\/nielsheuer.com\/#website\",\"url\":\"https:\/\/nielsheuer.com\/\",\"name\":\"Niels Heuer\",\"description\":\"Breathwork, Trauma Release, Bodywork, Energetic Self Empowerment\",\"potentialAction\":[{\"@type\":\"SearchAction\",\"target\":{\"@type\":\"EntryPoint\",\"urlTemplate\":\"https:\/\/nielsheuer.com\/?s={search_term_string}\"},\"query-input\":\"required name=search_term_string\"}],\"inLanguage\":\"de\"}]}<\/script>\n<!-- \/ Yoast SEO plugin. -->","yoast_head_json":{"title":"Kontakt - Niels Heuer","robots":{"index":"index","follow":"follow","max-snippet":"max-snippet:-1","max-image-preview":"max-image-preview:large","max-video-preview":"max-video-preview:-1"},"canonical":"https:\/\/nielsheuer.com\/de\/kontakt\/","og_locale":"de_DE","og_type":"article","og_title":"Kontakt - Niels Heuer","og_description":"[vc_row full_height=&#8220;yes&#8220; content_placement=&#8220;top&#8220; sticky_row=&#8220;yes&#8220; fade_scroll=&#8220;yes&#8220; enable_loading_bg=&#8220;yes&#8220; enable_overlay=&#8220;yes&#8220; css=&#8220;.vc_custom_1636558147911{background: #000000 url(https:\/\/nielsheuer.com\/wp-content\/uploads\/IMG_5397-scaled.jpg?id=428) !important;background-position: center !important;background-repeat: no-repeat !important;background-size:...","og_url":"https:\/\/nielsheuer.com\/de\/kontakt\/","og_site_name":"Niels Heuer","article_modified_time":"2021-11-23T23:26:49+00:00","twitter_card":"summary_large_image","twitter_misc":{"Gesch\u00e4tzte Lesezeit":"2\u00a0Minuten"},"schema":{"@context":"https:\/\/schema.org","@graph":[{"@type":"WebPage","@id":"https:\/\/nielsheuer.com\/de\/kontakt\/","url":"https:\/\/nielsheuer.com\/de\/kontakt\/","name":"Kontakt - Niels Heuer","isPartOf":{"@id":"https:\/\/nielsheuer.com\/#website"},"datePublished":"2021-11-08T16:19:22+00:00","dateModified":"2021-11-23T23:26:49+00:00","breadcrumb":{"@id":"https:\/\/nielsheuer.com\/de\/kontakt\/#breadcrumb"},"inLanguage":"de","potentialAction":[{"@type":"ReadAction","target":["https:\/\/nielsheuer.com\/de\/kontakt\/"]}]},{"@type":"BreadcrumbList","@id":"https:\/\/nielsheuer.com\/de\/kontakt\/#breadcrumb","itemListElement":[{"@type":"ListItem","position":1,"name":"Startseite","item":"https:\/\/nielsheuer.com\/de\/"},{"@type":"ListItem","position":2,"name":"Kontakt"}]},{"@type":"WebSite","@id":"https:\/\/nielsheuer.com\/#website","url":"https:\/\/nielsheuer.com\/","name":"Niels Heuer","description":"Breathwork, Trauma Release, Bodywork, Energetic Self Empowerment","potentialAction":[{"@type":"SearchAction","target":{"@type":"EntryPoint","urlTemplate":"https:\/\/nielsheuer.com\/?s={search_term_string}"},"query-input":"required name=search_term_string"}],"inLanguage":"de"}]}},"_links":{"self":[{"href":"https:\/\/nielsheuer.com\/de\/wp-json\/wp\/v2\/pages\/870"}],"collection":[{"href":"https:\/\/nielsheuer.com\/de\/wp-json\/wp\/v2\/pages"}],"about":[{"href":"https:\/\/nielsheuer.com\/de\/wp-json\/wp\/v2\/types\/page"}],"author":[{"embeddable":true,"href":"https:\/\/nielsheuer.com\/de\/wp-json\/wp\/v2\/users\/2"}],"replies":[{"embeddable":true,"href":"https:\/\/nielsheuer.com\/de\/wp-json\/wp\/v2\/comments?post=870"}],"version-history":[{"count":8,"href":"https:\/\/nielsheuer.com\/de\/wp-json\/wp\/v2\/pages\/870\/revisions"}],"predecessor-version":[{"id":1028,"href":"https:\/\/nielsheuer.com\/de\/wp-json\/wp\/v2\/pages\/870\/revisions\/1028"}],"wp:attachment":[{"href":"https:\/\/nielsheuer.com\/de\/wp-json\/wp\/v2\/media?parent=870"}],"curies":[{"name":"wp","href":"https:\/\/api.w.org\/{rel}","templated":true}]}}