{"id":897,"date":"2021-11-05T17:00:27","date_gmt":"2021-11-05T16:00:27","guid":{"rendered":"https:\/\/nielsheuer.com\/bbtr-breathwork-breathjourney-workshops-events-berlin\/"},"modified":"2021-11-19T14:55:47","modified_gmt":"2021-11-19T13:55:47","slug":"bbtr-breathwork-breathjourney-workshops-events-berlin","status":"publish","type":"page","link":"https:\/\/nielsheuer.com\/de\/bbtr-breathwork-breathjourney-workshops-events-berlin\/","title":{"rendered":"Veranstaltungen"},"content":{"rendered":"<p>[vc_row full_height=&#8220;yes&#8220; content_placement=&#8220;top&#8220; sticky_row=&#8220;yes&#8220; fade_scroll=&#8220;yes&#8220; enable_loading_bg=&#8220;yes&#8220; enable_overlay=&#8220;yes&#8220; css=&#8220;.vc_custom_1636456528142{background: #000000 url(https:\/\/nielsheuer.com\/wp-content\/uploads\/Playfight01.png?id=480) !important;background-position: center !important;background-repeat: no-repeat !important;background-size: cover !important;}&#8220; overlay_bg=&#8220;rgba(0, 0, 0, 0.27)&#8220;][vc_column parallax=&#8220;yes&#8220; scale_from_x=&#8220;1&#8243; scale_from_y=&#8220;1&#8243; scale_from_z=&#8220;1&#8243; from_opacity=&#8220;1&#8243; scale_to_x=&#8220;1&#8243; scale_to_y=&#8220;1&#8243; scale_to_z=&#8220;1&#8243; to_opacity=&#8220;1&#8243; enable_content_animation=&#8220;yes&#8220; animation_preset=&#8220;Fade In Up&#8220; align=&#8220;text-center&#8220; offset=&#8220;vc_col-md-offset-1 vc_col-md-10&#8243; translate_to_y=&#8220;-220&#8243; translate_from_y=&#8220;1&#8243; responsive_css=&#8220;padding_right_medium:7%25|padding_left_medium:7%25&#8243;]<style>.ld_spacer_69ece810793ce{height:272px;}<\/style>\n<div class=\"ld-empty-space ld_spacer_69ece810793ce\"><span class=\"liquid_empty_space_inner\"><\/span><\/div><style>.ld_fancy_heading_69ece810796be h2{font-size:54px;line-height:1.1em;color:rgb(255, 255, 255);}.ld_fancy_heading_69ece810796be h2 {margin-bottom:0.4em !important;  } .ld_fancy_heading_69ece810796be .lqd-highlight-inner{height:0.275em;bottom:0px;}.ld_fancy_heading_69ece810796be h2 {margin-bottom:0.4em !important;  } <\/style><div class=\"ld-fancy-heading ld_fancy_heading_69ece810796be\">\n\t<h2 class=\"lqd-highlight-underline lqd-highlight-grow-left\" data-fittext=\"true\" data-fittext-options='{\"compressor\":0.75,\"maxFontSize\":\"currentFontSize\",\"minFontSize\":\"48\"}' data-split-text=\"true\" data-custom-animations=\"true\" data-ca-options='{\"triggerHandler\":\"inview\",\"animationTarget\":\".lqd-lines .split-inner\",\"duration\":700,\"delay\":100,\"easing\":\"easeOutQuint\",\"direction\":\"forward\",\"initValues\":{\"scale\":1},\"animations\":{\"scale\":1}}' data-split-options='{\"type\":\"lines\"}'><span class=\"ld-fh-txt\"> Aktuelle Workshops<\/span><\/h2><\/div><style>.ld_fancy_heading_69ece81079aff h6{font-size:26px;letter-spacing:0.05em;color:rgb(255, 255, 255);}.ld_fancy_heading_69ece81079aff h6 {margin-bottom:1.5em !important;  } .ld_fancy_heading_69ece81079aff .lqd-highlight-inner{height:0.275em;bottom:0px;}.ld_fancy_heading_69ece81079aff h6 {margin-bottom:1.5em !important;  } <\/style><div class=\"ld-fancy-heading ld_fancy_heading_69ece81079aff\">\n\t<h6 class=\"lqd-highlight-underline lqd-highlight-grow-left h5\" ><span class=\"ld-fh-txt\"> <em>Bewusst, spielerisch, lebendig.<\/em><\/span><\/h6><\/div><style>.ld_spacer_69ece81079ce8{height:80px;}<\/style>\n<div class=\"ld-empty-space ld_spacer_69ece81079ce8\"><span class=\"liquid_empty_space_inner\"><\/span><\/div>[\/vc_column][\/vc_row][vc_row content_placement=&#8220;middle&#8220; css=&#8220;.vc_custom_1636407455082{padding-top: 85px !important;padding-bottom: 90px !important;background-color: #f7f7f7 !important;}&#8220;][vc_column offset=&#8220;vc_col-md-6&#8243;]<style>@media (min-width: 992px) { .ld_fancy_heading_69ece81079e9c h2 {margin-bottom:0px !important;  }  } .ld_fancy_heading_69ece81079e9c .lqd-highlight-inner{height:0.275em;bottom:0px;}@media (min-width: 992px) { .ld_fancy_heading_69ece81079e9c h2 {margin-bottom:0px !important;  }  } <\/style><div class=\"ld-fancy-heading text-uppercase ld_fancy_heading_69ece81079e9c\">\n\t<h2 class=\"lqd-highlight-underline lqd-highlight-grow-left\" ><span class=\"ld-fh-txt\"> Aktuelle Workshops<\/span><\/h2><\/div><style>.ld_fancy_heading_69ece8107a0f2 .lqd-highlight-inner{height:0.275em;bottom:0px;}<\/style><div class=\"ld-fancy-heading ld_fancy_heading_69ece8107a0f2\">\n\t<p class=\"lqd-highlight-underline lqd-highlight-grow-left\" ><span class=\"ld-fh-txt\"> Atemarbeit \u2022 Energetische Selbsterm\u00e4chtigung \u2022 Sinnlichkeit \u2022 Trauma-Befreiung<\/span><\/p><\/div>[\/vc_column][vc_column offset=&#8220;vc_col-md-6&#8243; responsive_align=&#8220;text-md-right text-xs-left&#8220;][\/vc_column][vc_column]<style>.ld_spacer_69ece8107a270{height:40px;}<\/style>\n<div class=\"ld-empty-space ld_spacer_69ece8107a270\"><span class=\"liquid_empty_space_inner\"><\/span><\/div><style>.ld_carousel_69ece8107a408 .carousel-item{width:100%;padding-left:7px;padding-right:7px;}.ld_carousel_69ece8107a408 .carousel-items.row{margin-left:-7px;margin-right:-7px;}.ld_carousel_69ece8107a408 .flickity-prev-next-button svg{stroke:rgb(24, 27, 49);}.ld_carousel_69ece8107a408 .flickity-prev-next-button{color:rgb(24, 27, 49);background:rgb(255, 255, 255);}.ld_carousel_69ece8107a408 .flickity-prev-next-button:hover svg{stroke:rgb(255, 255, 255);}.ld_carousel_69ece8107a408 .flickity-prev-next-button:hover{color:rgb(255, 255, 255);}.ld_carousel_69ece8107a408 .flickity-prev-next-button:before{background:rgb(36, 147, 224);}.ld_carousel_69ece8107a408 .flickity-page-dots{top:auto;right:auto;bottom:-25px;left:auto;}@media (min-width: 768px) {.ld_carousel_69ece8107a408 .carousel-item { width:50% }}@media (min-width: 992px) {.ld_carousel_69ece8107a408 .carousel-item { width:25% }}<\/style><div id=\"ld_carousel_69ece8107a408\" class=\"carousel-container carousel-nav-floated carousel-nav-center carousel-nav-middle carousel-nav-md carousel-nav-solid carousel-nav-rectangle carousel-nav-shadowed carousel-dots-style1 ld_carousel_69ece8107a408\">\n\n\t<div class=\"carousel-items row\"  data-lqd-flickity='{\"cellAlign\":\"center\",\"prevNextButtons\":true,\"buttonsAppendTo\":\"self\",\"pageDots\":false,\"groupCells\":true,\"wrapAround\":true,\"pauseAutoPlayOnHover\":false,\"navArrow\":\"1\",\"navOffsets\":{\"nav\":{\"top\":\"25%\"},\"prev\":\"-13px\",\"next\":\"-13px\"}}' >\n\t<div class=\"carousel-item\"><div id=\"ld_content_box_69ece8107b632\" class=\"fancy-box fancy-box-classes ld_content_box_69ece8107b632\">\n\t\n\t<figure class=\"fancy-box-image\"><img width=\"2560\" height=\"1707\" src=\"data:image\/svg+xml;charset=utf-8,&lt;svg xmlns%3D&#039;http%3A%2F%2Fwww.w3.org%2F2000%2Fsvg&#039; viewBox%3D&#039;0 0 2560 1707&#039;%2F&gt;\" class=\"attachment-full size-full ld-lazyload\" alt=\"\" decoding=\"async\" loading=\"lazy\" srcset=\"\" sizes=\"(max-width: 2560px) 100vw, 2560px\" data-src=\"https:\/\/nielsheuer.com\/wp-content\/uploads\/IMG_6074-scaled.jpg\" data-srcset=\"https:\/\/nielsheuer.com\/wp-content\/uploads\/IMG_6074-scaled.jpg 2560w, https:\/\/nielsheuer.com\/wp-content\/uploads\/IMG_6074-300x200.jpg 300w, https:\/\/nielsheuer.com\/wp-content\/uploads\/IMG_6074-1024x683.jpg 1024w\" data-aspect=\"1.49970708846\" \/><\/figure>\t\n\t<div class=\"fancy-box-contents\">\n\t\t\n\t\t<span class=\"fancy-box-label\"><p>28.11.2021 - 14-20 Uhr<\/p>\n<\/span>\t\t\n\t\t<div class=\"fancy-box-info\">\n\t\t\t<h3 class=\"font-weight-semibold\" >Entz\u00fcnde dein inneres Feuer<\/h3>\t\t\t<span class=\"trainer\"> Eine sinnliche Reise zu Selbstliebe, Selbsterm\u00e4chtigung, Vitalit\u00e4t und Freude. Atemsitzung, \u00dcbungen zu Pr\u00e4senz, Kontakt &amp; Begegnung. Forums-Arbeit.<\/span>\t\t<\/div><!-- \/.fancy-box-info -->\n\t\t\n\t<\/div><!-- \/.fancy-box-contents -->\n\t\n\t<a href=\"https:\/\/www.facebook.com\/events\/276798127684018\/?acontext=%7Bevent_action_history%3A%5B%7Bextra_data%3A%2Cmechanism%3Aleft_rail%2Csurface%3Abookmark%7D%2C%7Bextra_data%3A%2Cmechanism%3Acalendar_tab_event%2Csurface%3Abookmark_calendar%7D%5D%2Cref_notif_type%3Anull%7D\" target=\"_blank\" class=\"liquid-overlay-link\"><\/a>\t\n<\/div><!-- \/.fancy-box fancy-box-classes --><\/div>\n<div class=\"carousel-item\"><div id=\"ld_content_box_69ece8108d02e\" class=\"fancy-box fancy-box-classes ld_content_box_69ece8108d02e\">\n\t\n\t<figure class=\"fancy-box-image\"><img width=\"1024\" height=\"683\" src=\"data:image\/svg+xml;charset=utf-8,&lt;svg xmlns%3D&#039;http%3A%2F%2Fwww.w3.org%2F2000%2Fsvg&#039; viewBox%3D&#039;0 0 1024 683&#039;%2F&gt;\" class=\"attachment-full size-full ld-lazyload\" alt=\"\" decoding=\"async\" loading=\"lazy\" srcset=\"\" sizes=\"(max-width: 1024px) 100vw, 1024px\" data-src=\"https:\/\/nielsheuer.com\/wp-content\/uploads\/breathwork-how-to-get-started-scaled-e1622557565487.jpg\" data-srcset=\"https:\/\/nielsheuer.com\/wp-content\/uploads\/breathwork-how-to-get-started-scaled-e1622557565487.jpg 1024w, https:\/\/nielsheuer.com\/wp-content\/uploads\/breathwork-how-to-get-started-scaled-e1622557565487-300x200.jpg 300w\" data-aspect=\"1.49926793558\" \/><\/figure>\t\n\t<div class=\"fancy-box-contents\">\n\t\t\n\t\t<span class=\"fancy-box-label\"><p>Jeden 2. Sonntag 12-14 Uhr<\/p>\n<\/span>\t\t\n\t\t<div class=\"fancy-box-info\">\n\t\t\t<h3 class=\"font-weight-semibold\" >Atemkreis<\/h3>\t\t\t<span class=\"trainer\"> Kontaktiere mich f\u00fcr weitere Infos<\/span>\t\t<\/div><!-- \/.fancy-box-info -->\n\t\t\n\t<\/div><!-- \/.fancy-box-contents -->\n\t\n\t\t\n<\/div><!-- \/.fancy-box fancy-box-classes --><\/div>\n<div class=\"carousel-item\"><div id=\"ld_content_box_69ece81099834\" class=\"fancy-box fancy-box-classes ld_content_box_69ece81099834\">\n\t\n\t<figure class=\"fancy-box-image\"><img width=\"628\" height=\"419\" src=\"data:image\/svg+xml;charset=utf-8,&lt;svg xmlns%3D&#039;http%3A%2F%2Fwww.w3.org%2F2000%2Fsvg&#039; viewBox%3D&#039;0 0 628 419&#039;%2F&gt;\" class=\"attachment-full size-full ld-lazyload\" alt=\"\" decoding=\"async\" loading=\"lazy\" srcset=\"\" sizes=\"(max-width: 628px) 100vw, 628px\" data-src=\"https:\/\/nielsheuer.com\/wp-content\/uploads\/Welle-am-Felsen.jpg\" data-srcset=\"https:\/\/nielsheuer.com\/wp-content\/uploads\/Welle-am-Felsen.jpg 628w, https:\/\/nielsheuer.com\/wp-content\/uploads\/Welle-am-Felsen-300x200.jpg 300w\" data-aspect=\"1.49880668258\" \/><\/figure>\t\n\t<div class=\"fancy-box-contents\">\n\t\t\n\t\t<span class=\"fancy-box-label\"><p>demn\u00e4chst (Dez, 2021)<\/p>\n<\/span>\t\t\n\t\t<div class=\"fancy-box-info\">\n\t\t\t<h3 class=\"font-weight-semibold\" >Energetische Selbsterm\u00e4chtigung<\/h3>\t\t\t<span class=\"trainer\"> Die Kontrolle \u00fcber die eigene Energie zur\u00fcckgewinnen. Die Kraft des Atems. Emotionale Aufladung und Entladung. Mentales Bewusstsein &amp; Hygiene. Sich der Angst stellen. Zentrierung in der Selbstpr\u00e4senz. <\/span>\t\t<\/div><!-- \/.fancy-box-info -->\n\t\t\n\t<\/div><!-- \/.fancy-box-contents -->\n\t\n\t\t\n<\/div><!-- \/.fancy-box fancy-box-classes --><\/div>\n<div class=\"carousel-item\"><div id=\"ld_content_box_69ece810a77e7\" class=\"fancy-box fancy-box-classes ld_content_box_69ece810a77e7\">\n\t\n\t<figure class=\"fancy-box-image\"><img width=\"2560\" height=\"1713\" src=\"data:image\/svg+xml;charset=utf-8,&lt;svg xmlns%3D&#039;http%3A%2F%2Fwww.w3.org%2F2000%2Fsvg&#039; viewBox%3D&#039;0 0 2560 1713&#039;%2F&gt;\" class=\"attachment-full size-full ld-lazyload\" alt=\"\" decoding=\"async\" loading=\"lazy\" srcset=\"\" sizes=\"(max-width: 2560px) 100vw, 2560px\" data-src=\"https:\/\/nielsheuer.com\/wp-content\/uploads\/Playing-Gong03-scaled.jpg\" data-srcset=\"https:\/\/nielsheuer.com\/wp-content\/uploads\/Playing-Gong03-scaled.jpg 2560w, https:\/\/nielsheuer.com\/wp-content\/uploads\/Playing-Gong03-300x201.jpg 300w, https:\/\/nielsheuer.com\/wp-content\/uploads\/Playing-Gong03-1024x685.jpg 1024w\" data-aspect=\"1.49445417396\" \/><\/figure>\t\n\t<div class=\"fancy-box-contents\">\n\t\t\n\t\t<span class=\"fancy-box-label\"><p>demn\u00e4chst (Dez. 2021)<\/p>\n<\/span>\t\t\n\t\t<div class=\"fancy-box-info\">\n\t\t\t<h3 class=\"font-weight-semibold\" >Klang-Bad<\/h3>\t\t\t<span class=\"trainer\"> Gongs &amp; schamanische Kl\u00e4nge. Eine heilende Klangreise in dein Herz.<\/span>\t\t<\/div><!-- \/.fancy-box-info -->\n\t\t\n\t<\/div><!-- \/.fancy-box-contents -->\n\t\n\t\t\n<\/div><!-- \/.fancy-box fancy-box-classes --><\/div>\n<div class=\"carousel-item\"><div id=\"ld_content_box_69ece810b74a1\" class=\"fancy-box fancy-box-classes ld_content_box_69ece810b74a1\">\n\t\n\t<figure class=\"fancy-box-image\"><img width=\"2000\" height=\"1333\" src=\"data:image\/svg+xml;charset=utf-8,&lt;svg xmlns%3D&#039;http%3A%2F%2Fwww.w3.org%2F2000%2Fsvg&#039; viewBox%3D&#039;0 0 2000 1333&#039;%2F&gt;\" class=\"attachment-full size-full ld-lazyload\" alt=\"\" decoding=\"async\" loading=\"lazy\" srcset=\"\" sizes=\"(max-width: 2000px) 100vw, 2000px\" data-src=\"https:\/\/nielsheuer.com\/wp-content\/uploads\/eros-sexual-energy-felt-sense-1.jpg\" data-srcset=\"https:\/\/nielsheuer.com\/wp-content\/uploads\/eros-sexual-energy-felt-sense-1.jpg 2000w, https:\/\/nielsheuer.com\/wp-content\/uploads\/eros-sexual-energy-felt-sense-1-300x200.jpg 300w, https:\/\/nielsheuer.com\/wp-content\/uploads\/eros-sexual-energy-felt-sense-1-1024x682.jpg 1024w\" data-aspect=\"1.50037509377\" \/><\/figure>\t\n\t<div class=\"fancy-box-contents\">\n\t\t\n\t\t<span class=\"fancy-box-label\"><p>demn\u00e4chst (Dez. 2021)<\/p>\n<\/span>\t\t\n\t\t<div class=\"fancy-box-info\">\n\t\t\t<h3 class=\"font-weight-semibold\" >Sinne &amp; Sinnlichkeit<\/h3>\t\t\t<span class=\"trainer\"> Eine sinnliche Reise in den eigenen K\u00f6rper. Grenzen setzen\/ Arbeit mit dem \"Wheel of Consent\" (Einvernehmen). Verbinden mit Bed\u00fcrfnissen und W\u00fcnschen. Erdung &amp; Zentrierung. Erforschen deiner Verbindung mit anderen.<\/span>\t\t<\/div><!-- \/.fancy-box-info -->\n\t\t\n\t<\/div><!-- \/.fancy-box-contents -->\n\t\n\t\t\n<\/div><!-- \/.fancy-box fancy-box-classes --><\/div>\n\t<\/div>\n\n<\/div>[\/vc_column][\/vc_row][vc_row parallax=&#8220;enable_parallax&#8220; disable_element=&#8220;yes&#8220; enable_overlay=&#8220;yes&#8220; css=&#8220;.vc_custom_1636748029995{padding-top: 100px !important;padding-bottom: 100px !important;background-image: url(https:\/\/nielsheuer.com\/wp-content\/uploads\/Playfight02-scaled.jpg?id=483) !important;background-position: center;background-repeat: no-repeat !important;background-size: cover !important;}&#8220; overlay_bg=&#8220;rgba(0, 0, 0, 0.25)&#8220;][vc_column enable_content_animation=&#8220;yes&#8220; ca_init_scale_x=&#8220;1&#8243; ca_init_scale_y=&#8220;1&#8243; ca_init_scale_z=&#8220;1&#8243; ca_init_opacity=&#8220;0&#8243; ca_an_scale_x=&#8220;1&#8243; ca_an_scale_y=&#8220;1&#8243; ca_an_scale_z=&#8220;1&#8243; ca_an_opacity=&#8220;1&#8243; align=&#8220;text-center&#8220; offset=&#8220;vc_col-md-offset-2 vc_col-md-8&#8243; ca_duration=&#8220;1600&#8243; ca_delay=&#8220;160&#8243; ca_init_translate_y=&#8220;69&#8243;]<style>.ld_fancy_heading_69ece810c30b5 p{font-size:15px;font-weight:400;color:rgb(255, 255, 255);}.ld_fancy_heading_69ece810c30b5 p {margin-bottom:1.5em !important;  } .ld_fancy_heading_69ece810c30b5 .lqd-highlight-inner{height:0.275em;bottom:0px;}.ld_fancy_heading_69ece810c30b5 p {margin-bottom:1.5em !important;  } <\/style><div class=\"ld-fancy-heading ld_fancy_heading_69ece810c30b5\">\n\t<p class=\"lqd-highlight-underline lqd-highlight-grow-left\" ><span class=\"ld-fh-txt\"> <em>Client Feedback<\/em><\/span><\/p><\/div>[vc_single_image image=&#8220;42&#8243; img_size=&#8220;full&#8220; alignment=&#8220;center&#8220; css=&#8220;.vc_custom_1559296430568{margin-bottom: 15px !important;}&#8220;]<style>.ld_fancy_heading_69ece810c36b4 p{font-size:40px;color:rgb(255, 255, 255);}.ld_fancy_heading_69ece810c36b4 p {margin-bottom:0.75em !important;  } .ld_fancy_heading_69ece810c36b4 .lqd-highlight-inner{height:0.275em;bottom:0px;}.ld_fancy_heading_69ece810c36b4 p {margin-bottom:0.75em !important;  } <\/style><div class=\"ld-fancy-heading ld_fancy_heading_69ece810c36b4\">\n\t<p class=\"lqd-highlight-underline lqd-highlight-grow-left h2\" ><span class=\"ld-fh-txt\"> Dank Niels bin ich wieder im Kontakt mit meinem K\u00f6rper und kann klarer sp\u00fcren was mir gut tut und was nicht.<\/span><\/p><\/div>[vc_single_image image=&#8220;56&#8243; img_size=&#8220;full&#8220; css=&#8220;.vc_custom_1559296484323{margin-bottom: 20px !important;}&#8220;]<style>.ld_fancy_heading_69ece810c3cbe h5{font-size:12px;font-weight:500;letter-spacing:0.2em;color:rgb(255, 255, 255);}.ld_fancy_heading_69ece810c3cbe .lqd-highlight-inner{height:0.275em;bottom:0px;}<\/style><div class=\"ld-fancy-heading text-uppercase ld_fancy_heading_69ece810c3cbe\">\n\t<h5 class=\"lqd-highlight-underline lqd-highlight-grow-left\" ><span class=\"ld-fh-txt\"> Jessica Jensen<\/span><\/h5><\/div>[\/vc_column][\/vc_row]<\/p>\n","protected":false},"excerpt":{"rendered":"<p>[vc_row full_height=&#8220;yes&#8220; content_placement=&#8220;top&#8220; sticky_row=&#8220;yes&#8220; fade_scroll=&#8220;yes&#8220; enable_loading_bg=&#8220;yes&#8220; enable_overlay=&#8220;yes&#8220; css=&#8220;.vc_custom_1636456528142{background: #000000 url(https:\/\/nielsheuer.com\/wp-content\/uploads\/Playfight01.png?id=480) !important;background-position: center !important;background-repeat: no-repeat !important;background-size:&#8230;<\/p>\n","protected":false},"author":2,"featured_media":0,"parent":0,"menu_order":0,"comment_status":"closed","ping_status":"closed","template":"","meta":[],"yoast_head":"<!-- This site is optimized with the Yoast SEO plugin v19.10 - https:\/\/yoast.com\/wordpress\/plugins\/seo\/ -->\n<title>Veranstaltungen - Niels Heuer<\/title>\n<meta name=\"robots\" content=\"index, follow, max-snippet:-1, max-image-preview:large, max-video-preview:-1\" \/>\n<link rel=\"canonical\" href=\"https:\/\/nielsheuer.com\/de\/bbtr-breathwork-breathjourney-workshops-events-berlin\/\" \/>\n<meta property=\"og:locale\" content=\"de_DE\" \/>\n<meta property=\"og:type\" content=\"article\" \/>\n<meta property=\"og:title\" content=\"Veranstaltungen - Niels Heuer\" \/>\n<meta property=\"og:description\" content=\"[vc_row full_height=&#8220;yes&#8220; content_placement=&#8220;top&#8220; sticky_row=&#8220;yes&#8220; fade_scroll=&#8220;yes&#8220; enable_loading_bg=&#8220;yes&#8220; enable_overlay=&#8220;yes&#8220; css=&#8220;.vc_custom_1636456528142{background: #000000 url(https:\/\/nielsheuer.com\/wp-content\/uploads\/Playfight01.png?id=480) !important;background-position: center !important;background-repeat: no-repeat !important;background-size:...\" \/>\n<meta property=\"og:url\" content=\"https:\/\/nielsheuer.com\/de\/bbtr-breathwork-breathjourney-workshops-events-berlin\/\" \/>\n<meta property=\"og:site_name\" content=\"Niels Heuer\" \/>\n<meta property=\"article:modified_time\" content=\"2021-11-19T13:55:47+00:00\" \/>\n<meta name=\"twitter:card\" content=\"summary_large_image\" \/>\n<meta name=\"twitter:label1\" content=\"Gesch\u00e4tzte Lesezeit\" \/>\n\t<meta name=\"twitter:data1\" content=\"2\u00a0Minuten\" \/>\n<script type=\"application\/ld+json\" class=\"yoast-schema-graph\">{\"@context\":\"https:\/\/schema.org\",\"@graph\":[{\"@type\":\"WebPage\",\"@id\":\"https:\/\/nielsheuer.com\/de\/bbtr-breathwork-breathjourney-workshops-events-berlin\/\",\"url\":\"https:\/\/nielsheuer.com\/de\/bbtr-breathwork-breathjourney-workshops-events-berlin\/\",\"name\":\"Veranstaltungen - Niels Heuer\",\"isPartOf\":{\"@id\":\"https:\/\/nielsheuer.com\/#website\"},\"datePublished\":\"2021-11-05T16:00:27+00:00\",\"dateModified\":\"2021-11-19T13:55:47+00:00\",\"breadcrumb\":{\"@id\":\"https:\/\/nielsheuer.com\/de\/bbtr-breathwork-breathjourney-workshops-events-berlin\/#breadcrumb\"},\"inLanguage\":\"de\",\"potentialAction\":[{\"@type\":\"ReadAction\",\"target\":[\"https:\/\/nielsheuer.com\/de\/bbtr-breathwork-breathjourney-workshops-events-berlin\/\"]}]},{\"@type\":\"BreadcrumbList\",\"@id\":\"https:\/\/nielsheuer.com\/de\/bbtr-breathwork-breathjourney-workshops-events-berlin\/#breadcrumb\",\"itemListElement\":[{\"@type\":\"ListItem\",\"position\":1,\"name\":\"Startseite\",\"item\":\"https:\/\/nielsheuer.com\/de\/\"},{\"@type\":\"ListItem\",\"position\":2,\"name\":\"Veranstaltungen\"}]},{\"@type\":\"WebSite\",\"@id\":\"https:\/\/nielsheuer.com\/#website\",\"url\":\"https:\/\/nielsheuer.com\/\",\"name\":\"Niels Heuer\",\"description\":\"Breathwork, Trauma Release, Bodywork, Energetic Self Empowerment\",\"potentialAction\":[{\"@type\":\"SearchAction\",\"target\":{\"@type\":\"EntryPoint\",\"urlTemplate\":\"https:\/\/nielsheuer.com\/?s={search_term_string}\"},\"query-input\":\"required name=search_term_string\"}],\"inLanguage\":\"de\"}]}<\/script>\n<!-- \/ Yoast SEO plugin. -->","yoast_head_json":{"title":"Veranstaltungen - Niels Heuer","robots":{"index":"index","follow":"follow","max-snippet":"max-snippet:-1","max-image-preview":"max-image-preview:large","max-video-preview":"max-video-preview:-1"},"canonical":"https:\/\/nielsheuer.com\/de\/bbtr-breathwork-breathjourney-workshops-events-berlin\/","og_locale":"de_DE","og_type":"article","og_title":"Veranstaltungen - Niels Heuer","og_description":"[vc_row full_height=&#8220;yes&#8220; content_placement=&#8220;top&#8220; sticky_row=&#8220;yes&#8220; fade_scroll=&#8220;yes&#8220; enable_loading_bg=&#8220;yes&#8220; enable_overlay=&#8220;yes&#8220; css=&#8220;.vc_custom_1636456528142{background: #000000 url(https:\/\/nielsheuer.com\/wp-content\/uploads\/Playfight01.png?id=480) !important;background-position: center !important;background-repeat: no-repeat !important;background-size:...","og_url":"https:\/\/nielsheuer.com\/de\/bbtr-breathwork-breathjourney-workshops-events-berlin\/","og_site_name":"Niels Heuer","article_modified_time":"2021-11-19T13:55:47+00:00","twitter_card":"summary_large_image","twitter_misc":{"Gesch\u00e4tzte Lesezeit":"2\u00a0Minuten"},"schema":{"@context":"https:\/\/schema.org","@graph":[{"@type":"WebPage","@id":"https:\/\/nielsheuer.com\/de\/bbtr-breathwork-breathjourney-workshops-events-berlin\/","url":"https:\/\/nielsheuer.com\/de\/bbtr-breathwork-breathjourney-workshops-events-berlin\/","name":"Veranstaltungen - Niels Heuer","isPartOf":{"@id":"https:\/\/nielsheuer.com\/#website"},"datePublished":"2021-11-05T16:00:27+00:00","dateModified":"2021-11-19T13:55:47+00:00","breadcrumb":{"@id":"https:\/\/nielsheuer.com\/de\/bbtr-breathwork-breathjourney-workshops-events-berlin\/#breadcrumb"},"inLanguage":"de","potentialAction":[{"@type":"ReadAction","target":["https:\/\/nielsheuer.com\/de\/bbtr-breathwork-breathjourney-workshops-events-berlin\/"]}]},{"@type":"BreadcrumbList","@id":"https:\/\/nielsheuer.com\/de\/bbtr-breathwork-breathjourney-workshops-events-berlin\/#breadcrumb","itemListElement":[{"@type":"ListItem","position":1,"name":"Startseite","item":"https:\/\/nielsheuer.com\/de\/"},{"@type":"ListItem","position":2,"name":"Veranstaltungen"}]},{"@type":"WebSite","@id":"https:\/\/nielsheuer.com\/#website","url":"https:\/\/nielsheuer.com\/","name":"Niels Heuer","description":"Breathwork, Trauma Release, Bodywork, Energetic Self Empowerment","potentialAction":[{"@type":"SearchAction","target":{"@type":"EntryPoint","urlTemplate":"https:\/\/nielsheuer.com\/?s={search_term_string}"},"query-input":"required name=search_term_string"}],"inLanguage":"de"}]}},"_links":{"self":[{"href":"https:\/\/nielsheuer.com\/de\/wp-json\/wp\/v2\/pages\/897"}],"collection":[{"href":"https:\/\/nielsheuer.com\/de\/wp-json\/wp\/v2\/pages"}],"about":[{"href":"https:\/\/nielsheuer.com\/de\/wp-json\/wp\/v2\/types\/page"}],"author":[{"embeddable":true,"href":"https:\/\/nielsheuer.com\/de\/wp-json\/wp\/v2\/users\/2"}],"replies":[{"embeddable":true,"href":"https:\/\/nielsheuer.com\/de\/wp-json\/wp\/v2\/comments?post=897"}],"version-history":[{"count":10,"href":"https:\/\/nielsheuer.com\/de\/wp-json\/wp\/v2\/pages\/897\/revisions"}],"predecessor-version":[{"id":1012,"href":"https:\/\/nielsheuer.com\/de\/wp-json\/wp\/v2\/pages\/897\/revisions\/1012"}],"wp:attachment":[{"href":"https:\/\/nielsheuer.com\/de\/wp-json\/wp\/v2\/media?parent=897"}],"curies":[{"name":"wp","href":"https:\/\/api.w.org\/{rel}","templated":true}]}}